{"id":203,"date":"2020-05-12T14:09:22","date_gmt":"2020-05-12T18:09:22","guid":{"rendered":"https:\/\/staging.giveplasma.ca\/?page_id=203"},"modified":"2024-02-21T10:07:37","modified_gmt":"2024-02-21T15:07:37","slug":"indemnisation","status":"publish","type":"page","link":"https:\/\/staging.giveplasma.ca\/fr\/donneurs\/indemnisation\/","title":{"rendered":"Indemnisation"},"content":{"rendered":"\n<p>Il faut faire preuve d\u2019engagement et donner de son temps pour \u00eatre un donneur de plasma. Pour \u00eatre admissible \u00e0 donner du plasma, vous devez \u00eatre en bonne sant\u00e9 et vous engager \u00e0 conserver un style de vie sain et \u00e0 demeurer en sant\u00e9.<\/p>\n\n\n\n<p>Chez Grifols, nous tenons \u00e0 d\u00e9montrer que nous appr\u00e9cions le temps, l\u2019engagement et les d\u00e9penses qu\u2019encourent nos donneurs pour aider les autres. Tous les donateurs seront inscrits \u00e0 notre programme de fid\u00e9lisation R\u00e9compenses pour les superh\u00e9ros et pourraient recevoir de pr\u00e9cieux cadeaux et prix chaque ann\u00e9e.<\/p>\n\n\n\n<p>\u00c0 votre premier don, vous \u00eates consid\u00e9r\u00e9 comme un donneur aspirant. Apr\u00e8s le deuxi\u00e8me don, si vous r\u00e9ussissez toutes les \u00e9tapes du d\u00e9pistage et que vos r\u00e9sultats de tests du premier et du deuxi\u00e8me don sont acceptables, vous devenez un donneur en bonne et due forme. La plupart des gens qui satisfont aux <a href=\"https:\/\/staging.giveplasma.ca\/fr\/donneurs\/admissibilite\/\">crit\u00e8res d\u2019admissibilit\u00e9<\/a> de base peuvent devenir un donneur qualifi\u00e9.<\/p>\n\n\n\n<p>Votre r\u00e9mun\u00e9ration vous sera envoy\u00e9e apr\u00e8s chaque don. Un donneur qualifi\u00e9 peut donner du plasma deux fois par p\u00e9riode de 7 jours. Vous recevrez jusqu\u2019\u00e0 70 $ par don.<\/p>\n\n\n\n<p>Si vous le d\u00e9sirez, il vous est possible de donner votre indemnisation \u00e0 un organisme de charit\u00e9 et de recevoir en retour un re\u00e7u pour fins d\u2019imp\u00f4t.<\/p>\n\n\n\n<p>Nous appr\u00e9cions votre engagement et le soutien constant dont vous faites preuve par vos dons r\u00e9guliers chez Grifols. Rappelez-vous que, par-dessus tout, chaque don que vous faites permettra d\u2019\u00e9laborer des th\u00e9rapies pour des patients dans le besoin.<\/p>\n\n\n\n<div class=\"wp-block-image\"><figure class=\"aligncenter size-large\"><img loading=\"lazy\" loading=\"lazy\" width=\"1024\" height=\"731\" src=\"https:\/\/staging.giveplasma.ca\/wp-content\/uploads\/2024\/02\/New-Compensation-Poster_-Feb-2024-Ver.05-Grifols-1-1024x731.png\" alt=\"\" class=\"wp-image-3603\" srcset=\"https:\/\/staging.giveplasma.ca\/wp-content\/uploads\/2024\/02\/New-Compensation-Poster_-Feb-2024-Ver.05-Grifols-1-1024x731.png 1024w, https:\/\/staging.giveplasma.ca\/wp-content\/uploads\/2024\/02\/New-Compensation-Poster_-Feb-2024-Ver.05-Grifols-1-300x214.png 300w, https:\/\/staging.giveplasma.ca\/wp-content\/uploads\/2024\/02\/New-Compensation-Poster_-Feb-2024-Ver.05-Grifols-1-768x548.png 768w, https:\/\/staging.giveplasma.ca\/wp-content\/uploads\/2024\/02\/New-Compensation-Poster_-Feb-2024-Ver.05-Grifols-1-1536x1096.png 1536w, https:\/\/staging.giveplasma.ca\/wp-content\/uploads\/2024\/02\/New-Compensation-Poster_-Feb-2024-Ver.05-Grifols-1-2048x1462.png 2048w\" sizes=\"(max-width: 1024px) 100vw, 1024px\" \/><\/figure><\/div>\n\n\n\n<h2>FAQ<\/h2>\n\n\n\n<div class=\"wp-block-coblocks-accordion\">\n<div class=\"wp-block-coblocks-accordion-item\"><details><summary class=\"wp-block-coblocks-accordion-item__title has-background has-light-background-color has-text-color has-secondary-color\"><strong>Q : Comment puis-je atteindre le niveau Or des r\u00e9compenses?<\/strong><\/summary><div class=\"wp-block-coblocks-accordion-item__content\" style=\"border-color:#f8f9fa\">\n<p>R : Pour atteindre le niveau Or, vous devez faire un don deux fois par semaine pendant au moins cinq semaines cons\u00e9cutives. (Deux semaines au niveau Orange, deux semaines au niveau Argent, puis vous passez au niveau Or.)<\/p>\n<\/div><\/details><\/div>\n\n\n\n<div class=\"wp-block-coblocks-accordion-item\"><details><summary class=\"wp-block-coblocks-accordion-item__title has-background has-light-background-color has-text-color has-dark-color\"><strong><strong>Q : Que se passe-t-il si je fais seulement un don par semaine?<\/strong><\/strong><\/summary><div class=\"wp-block-coblocks-accordion-item__content\" style=\"border-color:#f8f9fa\">\n<p>R : Si vous ne faites qu\u2019un don par semaine, vous demeurez \u00e0 votre niveau de r\u00e9compense. Ainsi si vous ne faites qu\u2019un don par semaine et que vous \u00eates au niveau Argent, vous demeurez \u00e0 ce m\u00eame niveau Argent pour la semaine suivante.<\/p>\n<\/div><\/details><\/div>\n\n\n\n<div class=\"wp-block-coblocks-accordion-item\"><details><summary class=\"wp-block-coblocks-accordion-item__title has-background has-light-background-color has-text-color has-secondary-color\"><strong>Q : J\u2019ai fait deux dons sur une p\u00e9riode de sept jours, alors pourquoi n\u2019ai-je pas re\u00e7u une r\u00e9compense en surplus?<\/strong><\/summary><div class=\"wp-block-coblocks-accordion-item__content\" style=\"border-color:#f8f9fa\">\n<p>R : Pour avoir droit \u00e0 la r\u00e9compense de surplus, vous devez faire deux dons au cours d\u2019une m\u00eame semaine civile. Cela signifie que les deux dons doivent \u00eatre effectu\u00e9s entre le lundi et le dimanche pour pouvoir b\u00e9n\u00e9ficier de la r\u00e9compense de surplus lors de la deuxi\u00e8me visite de la semaine.<\/p>\n<\/div><\/details><\/div>\n\n\n\n<div class=\"wp-block-coblocks-accordion-item\"><details><summary class=\"wp-block-coblocks-accordion-item__title has-background has-light-background-color has-text-color has-dark-color\"><strong>Q : J\u2019ai fait un don mais je n\u2019ai pas encore re\u00e7u ma r\u00e9compense. Que dois-je faire?<\/strong><\/summary><div class=\"wp-block-coblocks-accordion-item__content\" style=\"border-color:#f8f9fa\">\n<p>R : En g\u00e9n\u00e9ral, la r\u00e9compense est envoy\u00e9e \u00e0 nos donateurs dans les deux jours ouvrables suivant le don. Si deux jours ouvrables se sont \u00e9coul\u00e9es et que vous n\u2019avez pas re\u00e7u de courriel concernant votre r\u00e9compense, veuillez appeler votre centre local ou envoyer un courriel \u00e0 <a href=\"mailto:info@giveplasma.ca\">info@giveplasma.ca<\/a> pour vous renseigner.<\/p>\n<\/div><\/details><\/div>\n\n\n\n<div class=\"wp-block-coblocks-accordion-item\"><details><summary class=\"wp-block-coblocks-accordion-item__title has-background has-light-background-color has-text-color has-dark-color\"><strong>Q : Je n\u2019ai pas donn\u00e9 toute la quantit\u00e9 de plasma prescrite; recevrai-je quand m\u00eame une r\u00e9compense? Est-ce que je pourrai demeurer au m\u00eame niveau de r\u00e9compense?<\/strong><\/summary><div class=\"wp-block-coblocks-accordion-item__content\" style=\"border-color:#f8f9fa\">\n<p>R : Oui, vous serez indemnis\u00e9; le montant de la r\u00e9compense d\u00e9pend de la quantit\u00e9 de plasma que vous donnez. Par exemple, si vous donnez moins de 180 ml, vous recevrez 10 $; si vous donnez entre 180 ml et 669 ml, vous recevrez 30 $.<\/p>\n\n\n\n<p>Oui, vous conserverez \u00e9galement votre niveau de r\u00e9compense m\u00eame si votre don est incomplet.&nbsp;<\/p>\n<\/div><\/details><\/div>\n\n\n\n<div class=\"wp-block-coblocks-accordion-item\"><details><summary class=\"wp-block-coblocks-accordion-item__title has-background has-light-background-color has-text-color has-secondary-color\"><strong>Q : On m\u2019a inform\u00e9 que mon don \u00e9tait inutilisable. Qu\u2019est-ce que cela implique quant \u00e0 la r\u00e9compense?<\/strong><\/summary><div class=\"wp-block-coblocks-accordion-item__content\" style=\"border-color:#f8f9fa\">\n<p>R : Si nous ne pouvons pas utiliser votre don, vous recevrez 10 $. Cela peut \u00eatre d\u00fb au fait que le don est inf\u00e9rieur \u00e0 notre niveau de volume minimum, qu\u2019il est hyperlipidique ou qu\u2019il contient trop de globules rouges (GR). Votre niveau de r\u00e9compense sera maintenu m\u00eame si nous ne pouvons pas utiliser votre don pour une transformation ult\u00e9rieure.<\/p>\n<\/div><\/details><\/div>\n\n\n\n<div class=\"wp-block-coblocks-accordion-item\"><details><summary class=\"wp-block-coblocks-accordion-item__title has-background has-light-background-color has-text-color has-secondary-color\"><strong><strong>Q : Pourquoi les personnes qui donnent plus de plasma re\u00e7oivent-ils une r\u00e9compense plus consid\u00e9rable?<\/strong><\/strong><\/summary><div class=\"wp-block-coblocks-accordion-item__content\" style=\"border-color:#f8f9fa\">\n<p>R : Les donneurs qui donnent plus de plasma sont mieux indemnis\u00e9s ou r\u00e9compens\u00e9s parce que le volume de plasma donn\u00e9 est g\u00e9n\u00e9ralement proportionnel \u00e0 la dur\u00e9e pendant laquelle le donneur est reli\u00e9 \u00e0 la machine de plasmaph\u00e9r\u00e8se. Qui plus est, ce volume est directement proportionnel \u00e0 la quantit\u00e9 de produit final (prot\u00e9ines plasmatiques) qui peut \u00eatre extraite du plasma brut. Plus de plasma signifie plus de produits vitaux pour tous les patients.<\/p>\n<\/div><\/details><\/div>\n<\/div>\n","protected":false},"excerpt":{"rendered":"<p>Il faut faire preuve d\u2019engagement et donner de son temps pour \u00eatre un donneur de plasma. Pour \u00eatre admissible \u00e0 donner du plasma, vous devez \u00eatre en bonne sant\u00e9 et vous engager \u00e0 conserver un style de vie sain et \u00e0 demeurer en sant\u00e9. Chez Grifols, nous tenons \u00e0 d\u00e9montrer que nous appr\u00e9cions le temps,&hellip; <a class=\"text-nowrap\" href=\"https:\/\/staging.giveplasma.ca\/fr\/donneurs\/indemnisation\/\">Continue reading<span class=\"sr-only\"> Indemnisation<\/span><\/a><\/p>\n","protected":false},"author":1,"featured_media":0,"parent":188,"menu_order":11,"comment_status":"closed","ping_status":"closed","template":"","meta":{"_coblocks_attr":"","_coblocks_dimensions":"","_coblocks_responsive_height":"","_coblocks_accordion_ie_support":""},"acf":[],"yoast_head":"<!-- This site is optimized with the Yoast SEO plugin v19.4 - https:\/\/yoast.com\/wordpress\/plugins\/seo\/ -->\n<title>Indemnisation - Grifols<\/title>\n<meta name=\"robots\" content=\"index, follow, max-snippet:-1, max-image-preview:large, max-video-preview:-1\" \/>\n<link rel=\"canonical\" href=\"https:\/\/staging.giveplasma.ca\/fr\/donneurs\/indemnisation\/\" \/>\n<meta property=\"og:locale\" content=\"fr_FR\" \/>\n<meta property=\"og:type\" content=\"article\" \/>\n<meta property=\"og:title\" content=\"Indemnisation - Grifols\" \/>\n<meta property=\"og:description\" content=\"Il faut faire preuve d\u2019engagement et donner de son temps pour \u00eatre un donneur de plasma. Pour \u00eatre admissible \u00e0 donner du plasma, vous devez \u00eatre en bonne sant\u00e9 et vous engager \u00e0 conserver un style de vie sain et \u00e0 demeurer en sant\u00e9. Chez Grifols, nous tenons \u00e0 d\u00e9montrer que nous appr\u00e9cions le temps,&hellip; Continue reading Indemnisation\" \/>\n<meta property=\"og:url\" content=\"https:\/\/staging.giveplasma.ca\/fr\/donneurs\/indemnisation\/\" \/>\n<meta property=\"og:site_name\" content=\"Grifols\" \/>\n<meta property=\"article:publisher\" content=\"https:\/\/www.facebook.com\/giveplasma\" \/>\n<meta property=\"article:modified_time\" content=\"2024-02-21T15:07:37+00:00\" \/>\n<meta property=\"og:image\" content=\"https:\/\/staging.giveplasma.ca\/wp-content\/uploads\/2024\/02\/New-Compensation-Poster_-Feb-2024-Ver.05-Grifols-1-1024x731.png\" \/>\n<meta name=\"twitter:card\" content=\"summary_large_image\" \/>\n<meta name=\"twitter:site\" content=\"@giveplasma\" \/>\n<meta name=\"twitter:label1\" content=\"Dur\u00e9e de lecture estim\u00e9e\" \/>\n\t<meta name=\"twitter:data1\" content=\"4 minutes\" \/>\n<script type=\"application\/ld+json\" class=\"yoast-schema-graph\">{\"@context\":\"https:\/\/schema.org\",\"@graph\":[{\"@type\":\"Organization\",\"@id\":\"https:\/\/staging.giveplasma.ca\/#organization\",\"name\":\"Canadian Plasma Resources\",\"url\":\"https:\/\/staging.giveplasma.ca\/\",\"sameAs\":[\"https:\/\/www.instagram.com\/giveplasma\/\",\"https:\/\/www.youtube.com\/channel\/UC-AZ6t3Ap4xP6C7JocUsnBA\",\"https:\/\/en.wikipedia.org\/wiki\/Canadian_Plasma_Resources\",\"https:\/\/www.facebook.com\/giveplasma\",\"https:\/\/twitter.com\/giveplasma\"],\"logo\":{\"@type\":\"ImageObject\",\"inLanguage\":\"fr-FR\",\"@id\":\"https:\/\/staging.giveplasma.ca\/#\/schema\/logo\/image\/\",\"url\":\"https:\/\/staging.giveplasma.ca\/wp-content\/uploads\/2021\/01\/1.png\",\"contentUrl\":\"https:\/\/staging.giveplasma.ca\/wp-content\/uploads\/2021\/01\/1.png\",\"width\":427,\"height\":239,\"caption\":\"Canadian Plasma Resources\"},\"image\":{\"@id\":\"https:\/\/staging.giveplasma.ca\/#\/schema\/logo\/image\/\"}},{\"@type\":\"WebSite\",\"@id\":\"https:\/\/staging.giveplasma.ca\/#website\",\"url\":\"https:\/\/staging.giveplasma.ca\/\",\"name\":\"Canadian Plasma Resources\",\"description\":\"Give Plasma, Give Life\",\"publisher\":{\"@id\":\"https:\/\/staging.giveplasma.ca\/#organization\"},\"potentialAction\":[{\"@type\":\"SearchAction\",\"target\":{\"@type\":\"EntryPoint\",\"urlTemplate\":\"https:\/\/staging.giveplasma.ca\/?s={search_term_string}\"},\"query-input\":\"required name=search_term_string\"}],\"inLanguage\":\"fr-FR\"},{\"@type\":\"WebPage\",\"@id\":\"https:\/\/staging.giveplasma.ca\/fr\/donneurs\/indemnisation\/\",\"url\":\"https:\/\/staging.giveplasma.ca\/fr\/donneurs\/indemnisation\/\",\"name\":\"Indemnisation - Grifols\",\"isPartOf\":{\"@id\":\"https:\/\/staging.giveplasma.ca\/#website\"},\"datePublished\":\"2020-05-12T18:09:22+00:00\",\"dateModified\":\"2024-02-21T15:07:37+00:00\",\"breadcrumb\":{\"@id\":\"https:\/\/staging.giveplasma.ca\/fr\/donneurs\/indemnisation\/#breadcrumb\"},\"inLanguage\":\"fr-FR\",\"potentialAction\":[{\"@type\":\"ReadAction\",\"target\":[\"https:\/\/staging.giveplasma.ca\/fr\/donneurs\/indemnisation\/\"]}]},{\"@type\":\"BreadcrumbList\",\"@id\":\"https:\/\/staging.giveplasma.ca\/fr\/donneurs\/indemnisation\/#breadcrumb\",\"itemListElement\":[{\"@type\":\"ListItem\",\"position\":1,\"name\":\"Home\",\"item\":\"https:\/\/staging.giveplasma.ca\/fr\/home\/\"},{\"@type\":\"ListItem\",\"position\":2,\"name\":\"Donneurs\",\"item\":\"https:\/\/staging.giveplasma.ca\/fr\/donneurs\/\"},{\"@type\":\"ListItem\",\"position\":3,\"name\":\"Indemnisation\"}]}]}<\/script>\n<!-- \/ Yoast SEO plugin. -->","yoast_head_json":{"title":"Indemnisation - Grifols","robots":{"index":"index","follow":"follow","max-snippet":"max-snippet:-1","max-image-preview":"max-image-preview:large","max-video-preview":"max-video-preview:-1"},"canonical":"https:\/\/staging.giveplasma.ca\/fr\/donneurs\/indemnisation\/","og_locale":"fr_FR","og_type":"article","og_title":"Indemnisation - Grifols","og_description":"Il faut faire preuve d\u2019engagement et donner de son temps pour \u00eatre un donneur de plasma. Pour \u00eatre admissible \u00e0 donner du plasma, vous devez \u00eatre en bonne sant\u00e9 et vous engager \u00e0 conserver un style de vie sain et \u00e0 demeurer en sant\u00e9. Chez Grifols, nous tenons \u00e0 d\u00e9montrer que nous appr\u00e9cions le temps,&hellip; Continue reading Indemnisation","og_url":"https:\/\/staging.giveplasma.ca\/fr\/donneurs\/indemnisation\/","og_site_name":"Grifols","article_publisher":"https:\/\/www.facebook.com\/giveplasma","article_modified_time":"2024-02-21T15:07:37+00:00","og_image":[{"url":"https:\/\/staging.giveplasma.ca\/wp-content\/uploads\/2024\/02\/New-Compensation-Poster_-Feb-2024-Ver.05-Grifols-1-1024x731.png"}],"twitter_card":"summary_large_image","twitter_site":"@giveplasma","twitter_misc":{"Dur\u00e9e de lecture estim\u00e9e":"4 minutes"},"schema":{"@context":"https:\/\/schema.org","@graph":[{"@type":"Organization","@id":"https:\/\/staging.giveplasma.ca\/#organization","name":"Canadian Plasma Resources","url":"https:\/\/staging.giveplasma.ca\/","sameAs":["https:\/\/www.instagram.com\/giveplasma\/","https:\/\/www.youtube.com\/channel\/UC-AZ6t3Ap4xP6C7JocUsnBA","https:\/\/en.wikipedia.org\/wiki\/Canadian_Plasma_Resources","https:\/\/www.facebook.com\/giveplasma","https:\/\/twitter.com\/giveplasma"],"logo":{"@type":"ImageObject","inLanguage":"fr-FR","@id":"https:\/\/staging.giveplasma.ca\/#\/schema\/logo\/image\/","url":"https:\/\/staging.giveplasma.ca\/wp-content\/uploads\/2021\/01\/1.png","contentUrl":"https:\/\/staging.giveplasma.ca\/wp-content\/uploads\/2021\/01\/1.png","width":427,"height":239,"caption":"Canadian Plasma Resources"},"image":{"@id":"https:\/\/staging.giveplasma.ca\/#\/schema\/logo\/image\/"}},{"@type":"WebSite","@id":"https:\/\/staging.giveplasma.ca\/#website","url":"https:\/\/staging.giveplasma.ca\/","name":"Canadian Plasma Resources","description":"Give Plasma, Give Life","publisher":{"@id":"https:\/\/staging.giveplasma.ca\/#organization"},"potentialAction":[{"@type":"SearchAction","target":{"@type":"EntryPoint","urlTemplate":"https:\/\/staging.giveplasma.ca\/?s={search_term_string}"},"query-input":"required name=search_term_string"}],"inLanguage":"fr-FR"},{"@type":"WebPage","@id":"https:\/\/staging.giveplasma.ca\/fr\/donneurs\/indemnisation\/","url":"https:\/\/staging.giveplasma.ca\/fr\/donneurs\/indemnisation\/","name":"Indemnisation - Grifols","isPartOf":{"@id":"https:\/\/staging.giveplasma.ca\/#website"},"datePublished":"2020-05-12T18:09:22+00:00","dateModified":"2024-02-21T15:07:37+00:00","breadcrumb":{"@id":"https:\/\/staging.giveplasma.ca\/fr\/donneurs\/indemnisation\/#breadcrumb"},"inLanguage":"fr-FR","potentialAction":[{"@type":"ReadAction","target":["https:\/\/staging.giveplasma.ca\/fr\/donneurs\/indemnisation\/"]}]},{"@type":"BreadcrumbList","@id":"https:\/\/staging.giveplasma.ca\/fr\/donneurs\/indemnisation\/#breadcrumb","itemListElement":[{"@type":"ListItem","position":1,"name":"Home","item":"https:\/\/staging.giveplasma.ca\/fr\/home\/"},{"@type":"ListItem","position":2,"name":"Donneurs","item":"https:\/\/staging.giveplasma.ca\/fr\/donneurs\/"},{"@type":"ListItem","position":3,"name":"Indemnisation"}]}]}},"_links":{"self":[{"href":"https:\/\/staging.giveplasma.ca\/fr\/wp-json\/wp\/v2\/pages\/203"}],"collection":[{"href":"https:\/\/staging.giveplasma.ca\/fr\/wp-json\/wp\/v2\/pages"}],"about":[{"href":"https:\/\/staging.giveplasma.ca\/fr\/wp-json\/wp\/v2\/types\/page"}],"author":[{"embeddable":true,"href":"https:\/\/staging.giveplasma.ca\/fr\/wp-json\/wp\/v2\/users\/1"}],"replies":[{"embeddable":true,"href":"https:\/\/staging.giveplasma.ca\/fr\/wp-json\/wp\/v2\/comments?post=203"}],"version-history":[{"count":30,"href":"https:\/\/staging.giveplasma.ca\/fr\/wp-json\/wp\/v2\/pages\/203\/revisions"}],"predecessor-version":[{"id":3606,"href":"https:\/\/staging.giveplasma.ca\/fr\/wp-json\/wp\/v2\/pages\/203\/revisions\/3606"}],"up":[{"embeddable":true,"href":"https:\/\/staging.giveplasma.ca\/fr\/wp-json\/wp\/v2\/pages\/188"}],"wp:attachment":[{"href":"https:\/\/staging.giveplasma.ca\/fr\/wp-json\/wp\/v2\/media?parent=203"}],"curies":[{"name":"wp","href":"https:\/\/api.w.org\/{rel}","templated":true}]}}