{"id":193,"date":"2020-05-12T14:04:43","date_gmt":"2020-05-12T18:04:43","guid":{"rendered":"https:\/\/staging.giveplasma.ca\/?page_id=193"},"modified":"2020-07-07T17:02:47","modified_gmt":"2020-07-07T21:02:47","slug":"devenez-donneur-de-plasma","status":"publish","type":"page","link":"https:\/\/staging.giveplasma.ca\/fr\/donneurs\/devenez-donneur-de-plasma\/","title":{"rendered":"Devenez donneur de plasma"},"content":{"rendered":"\n<p>Merci de l\u2019int\u00e9r\u00eat que vous manifestez \u00e0 l\u2019\u00e9gard du don de plasma \u00e0 Canadian Plasma Resources. Nous savons que votre temps est pr\u00e9cieux et nous appr\u00e9cions votre d\u00e9sir de faire un don de plasma \u00e0 ceux qui en ont besoin. Veuillez cliquer sur le bouton ci-apr\u00e8s et choisissez la date et l\u2019heure \u00e0 laquelle vous aimeriez faire votre don.<\/p>\n","protected":false},"excerpt":{"rendered":"<p>Merci de l\u2019int\u00e9r\u00eat que vous manifestez \u00e0 l\u2019\u00e9gard du don de plasma \u00e0 Canadian Plasma Resources. Nous savons que votre temps est pr\u00e9cieux et nous appr\u00e9cions votre d\u00e9sir de faire un don de plasma \u00e0 ceux qui en ont besoin. Veuillez cliquer sur le bouton ci-apr\u00e8s et choisissez la date et l\u2019heure \u00e0 laquelle vous&hellip; <a class=\"text-nowrap\" href=\"https:\/\/staging.giveplasma.ca\/fr\/donneurs\/devenez-donneur-de-plasma\/\">Continue reading<span class=\"sr-only\"> Devenez donneur de plasma<\/span><\/a><\/p>\n","protected":false},"author":1,"featured_media":0,"parent":188,"menu_order":6,"comment_status":"closed","ping_status":"closed","template":"","meta":{"_coblocks_attr":"","_coblocks_dimensions":"","_coblocks_responsive_height":"","_coblocks_accordion_ie_support":""},"acf":[],"yoast_head":"<!-- This site is optimized with the Yoast SEO plugin v19.4 - https:\/\/yoast.com\/wordpress\/plugins\/seo\/ -->\n<title>Devenez donneur de plasma - Grifols<\/title>\n<meta name=\"robots\" content=\"index, follow, max-snippet:-1, max-image-preview:large, max-video-preview:-1\" \/>\n<link rel=\"canonical\" href=\"https:\/\/staging.giveplasma.ca\/fr\/donneurs\/devenez-donneur-de-plasma\/\" \/>\n<meta property=\"og:locale\" content=\"fr_FR\" \/>\n<meta property=\"og:type\" content=\"article\" \/>\n<meta property=\"og:title\" content=\"Devenez donneur de plasma - Grifols\" \/>\n<meta property=\"og:description\" content=\"Merci de l\u2019int\u00e9r\u00eat que vous manifestez \u00e0 l\u2019\u00e9gard du don de plasma \u00e0 Canadian Plasma Resources. Nous savons que votre temps est pr\u00e9cieux et nous appr\u00e9cions votre d\u00e9sir de faire un don de plasma \u00e0 ceux qui en ont besoin. Veuillez cliquer sur le bouton ci-apr\u00e8s et choisissez la date et l\u2019heure \u00e0 laquelle vous&hellip; Continue reading Devenez donneur de plasma\" \/>\n<meta property=\"og:url\" content=\"https:\/\/staging.giveplasma.ca\/fr\/donneurs\/devenez-donneur-de-plasma\/\" \/>\n<meta property=\"og:site_name\" content=\"Grifols\" \/>\n<meta property=\"article:publisher\" content=\"https:\/\/www.facebook.com\/giveplasma\" \/>\n<meta property=\"article:modified_time\" content=\"2020-07-07T21:02:47+00:00\" \/>\n<meta name=\"twitter:card\" content=\"summary_large_image\" \/>\n<meta name=\"twitter:site\" content=\"@giveplasma\" \/>\n<script type=\"application\/ld+json\" class=\"yoast-schema-graph\">{\"@context\":\"https:\/\/schema.org\",\"@graph\":[{\"@type\":\"Organization\",\"@id\":\"https:\/\/staging.giveplasma.ca\/#organization\",\"name\":\"Canadian Plasma Resources\",\"url\":\"https:\/\/staging.giveplasma.ca\/\",\"sameAs\":[\"https:\/\/www.instagram.com\/giveplasma\/\",\"https:\/\/www.youtube.com\/channel\/UC-AZ6t3Ap4xP6C7JocUsnBA\",\"https:\/\/en.wikipedia.org\/wiki\/Canadian_Plasma_Resources\",\"https:\/\/www.facebook.com\/giveplasma\",\"https:\/\/twitter.com\/giveplasma\"],\"logo\":{\"@type\":\"ImageObject\",\"inLanguage\":\"fr-FR\",\"@id\":\"https:\/\/staging.giveplasma.ca\/#\/schema\/logo\/image\/\",\"url\":\"https:\/\/staging.giveplasma.ca\/wp-content\/uploads\/2021\/01\/1.png\",\"contentUrl\":\"https:\/\/staging.giveplasma.ca\/wp-content\/uploads\/2021\/01\/1.png\",\"width\":427,\"height\":239,\"caption\":\"Canadian Plasma Resources\"},\"image\":{\"@id\":\"https:\/\/staging.giveplasma.ca\/#\/schema\/logo\/image\/\"}},{\"@type\":\"WebSite\",\"@id\":\"https:\/\/staging.giveplasma.ca\/#website\",\"url\":\"https:\/\/staging.giveplasma.ca\/\",\"name\":\"Canadian Plasma Resources\",\"description\":\"Give Plasma, Give Life\",\"publisher\":{\"@id\":\"https:\/\/staging.giveplasma.ca\/#organization\"},\"potentialAction\":[{\"@type\":\"SearchAction\",\"target\":{\"@type\":\"EntryPoint\",\"urlTemplate\":\"https:\/\/staging.giveplasma.ca\/?s={search_term_string}\"},\"query-input\":\"required name=search_term_string\"}],\"inLanguage\":\"fr-FR\"},{\"@type\":\"WebPage\",\"@id\":\"https:\/\/staging.giveplasma.ca\/fr\/donneurs\/devenez-donneur-de-plasma\/\",\"url\":\"https:\/\/staging.giveplasma.ca\/fr\/donneurs\/devenez-donneur-de-plasma\/\",\"name\":\"Devenez donneur de plasma - Grifols\",\"isPartOf\":{\"@id\":\"https:\/\/staging.giveplasma.ca\/#website\"},\"datePublished\":\"2020-05-12T18:04:43+00:00\",\"dateModified\":\"2020-07-07T21:02:47+00:00\",\"breadcrumb\":{\"@id\":\"https:\/\/staging.giveplasma.ca\/fr\/donneurs\/devenez-donneur-de-plasma\/#breadcrumb\"},\"inLanguage\":\"fr-FR\",\"potentialAction\":[{\"@type\":\"ReadAction\",\"target\":[\"https:\/\/staging.giveplasma.ca\/fr\/donneurs\/devenez-donneur-de-plasma\/\"]}]},{\"@type\":\"BreadcrumbList\",\"@id\":\"https:\/\/staging.giveplasma.ca\/fr\/donneurs\/devenez-donneur-de-plasma\/#breadcrumb\",\"itemListElement\":[{\"@type\":\"ListItem\",\"position\":1,\"name\":\"Home\",\"item\":\"https:\/\/staging.giveplasma.ca\/fr\/home\/\"},{\"@type\":\"ListItem\",\"position\":2,\"name\":\"Donneurs\",\"item\":\"https:\/\/staging.giveplasma.ca\/fr\/donneurs\/\"},{\"@type\":\"ListItem\",\"position\":3,\"name\":\"Devenez donneur de plasma\"}]}]}<\/script>\n<!-- \/ Yoast SEO plugin. -->","yoast_head_json":{"title":"Devenez donneur de plasma - Grifols","robots":{"index":"index","follow":"follow","max-snippet":"max-snippet:-1","max-image-preview":"max-image-preview:large","max-video-preview":"max-video-preview:-1"},"canonical":"https:\/\/staging.giveplasma.ca\/fr\/donneurs\/devenez-donneur-de-plasma\/","og_locale":"fr_FR","og_type":"article","og_title":"Devenez donneur de plasma - Grifols","og_description":"Merci de l\u2019int\u00e9r\u00eat que vous manifestez \u00e0 l\u2019\u00e9gard du don de plasma \u00e0 Canadian Plasma Resources. Nous savons que votre temps est pr\u00e9cieux et nous appr\u00e9cions votre d\u00e9sir de faire un don de plasma \u00e0 ceux qui en ont besoin. Veuillez cliquer sur le bouton ci-apr\u00e8s et choisissez la date et l\u2019heure \u00e0 laquelle vous&hellip; Continue reading Devenez donneur de plasma","og_url":"https:\/\/staging.giveplasma.ca\/fr\/donneurs\/devenez-donneur-de-plasma\/","og_site_name":"Grifols","article_publisher":"https:\/\/www.facebook.com\/giveplasma","article_modified_time":"2020-07-07T21:02:47+00:00","twitter_card":"summary_large_image","twitter_site":"@giveplasma","schema":{"@context":"https:\/\/schema.org","@graph":[{"@type":"Organization","@id":"https:\/\/staging.giveplasma.ca\/#organization","name":"Canadian Plasma Resources","url":"https:\/\/staging.giveplasma.ca\/","sameAs":["https:\/\/www.instagram.com\/giveplasma\/","https:\/\/www.youtube.com\/channel\/UC-AZ6t3Ap4xP6C7JocUsnBA","https:\/\/en.wikipedia.org\/wiki\/Canadian_Plasma_Resources","https:\/\/www.facebook.com\/giveplasma","https:\/\/twitter.com\/giveplasma"],"logo":{"@type":"ImageObject","inLanguage":"fr-FR","@id":"https:\/\/staging.giveplasma.ca\/#\/schema\/logo\/image\/","url":"https:\/\/staging.giveplasma.ca\/wp-content\/uploads\/2021\/01\/1.png","contentUrl":"https:\/\/staging.giveplasma.ca\/wp-content\/uploads\/2021\/01\/1.png","width":427,"height":239,"caption":"Canadian Plasma Resources"},"image":{"@id":"https:\/\/staging.giveplasma.ca\/#\/schema\/logo\/image\/"}},{"@type":"WebSite","@id":"https:\/\/staging.giveplasma.ca\/#website","url":"https:\/\/staging.giveplasma.ca\/","name":"Canadian Plasma Resources","description":"Give Plasma, Give Life","publisher":{"@id":"https:\/\/staging.giveplasma.ca\/#organization"},"potentialAction":[{"@type":"SearchAction","target":{"@type":"EntryPoint","urlTemplate":"https:\/\/staging.giveplasma.ca\/?s={search_term_string}"},"query-input":"required name=search_term_string"}],"inLanguage":"fr-FR"},{"@type":"WebPage","@id":"https:\/\/staging.giveplasma.ca\/fr\/donneurs\/devenez-donneur-de-plasma\/","url":"https:\/\/staging.giveplasma.ca\/fr\/donneurs\/devenez-donneur-de-plasma\/","name":"Devenez donneur de plasma - Grifols","isPartOf":{"@id":"https:\/\/staging.giveplasma.ca\/#website"},"datePublished":"2020-05-12T18:04:43+00:00","dateModified":"2020-07-07T21:02:47+00:00","breadcrumb":{"@id":"https:\/\/staging.giveplasma.ca\/fr\/donneurs\/devenez-donneur-de-plasma\/#breadcrumb"},"inLanguage":"fr-FR","potentialAction":[{"@type":"ReadAction","target":["https:\/\/staging.giveplasma.ca\/fr\/donneurs\/devenez-donneur-de-plasma\/"]}]},{"@type":"BreadcrumbList","@id":"https:\/\/staging.giveplasma.ca\/fr\/donneurs\/devenez-donneur-de-plasma\/#breadcrumb","itemListElement":[{"@type":"ListItem","position":1,"name":"Home","item":"https:\/\/staging.giveplasma.ca\/fr\/home\/"},{"@type":"ListItem","position":2,"name":"Donneurs","item":"https:\/\/staging.giveplasma.ca\/fr\/donneurs\/"},{"@type":"ListItem","position":3,"name":"Devenez donneur de plasma"}]}]}},"_links":{"self":[{"href":"https:\/\/staging.giveplasma.ca\/fr\/wp-json\/wp\/v2\/pages\/193"}],"collection":[{"href":"https:\/\/staging.giveplasma.ca\/fr\/wp-json\/wp\/v2\/pages"}],"about":[{"href":"https:\/\/staging.giveplasma.ca\/fr\/wp-json\/wp\/v2\/types\/page"}],"author":[{"embeddable":true,"href":"https:\/\/staging.giveplasma.ca\/fr\/wp-json\/wp\/v2\/users\/1"}],"replies":[{"embeddable":true,"href":"https:\/\/staging.giveplasma.ca\/fr\/wp-json\/wp\/v2\/comments?post=193"}],"version-history":[{"count":0,"href":"https:\/\/staging.giveplasma.ca\/fr\/wp-json\/wp\/v2\/pages\/193\/revisions"}],"up":[{"embeddable":true,"href":"https:\/\/staging.giveplasma.ca\/fr\/wp-json\/wp\/v2\/pages\/188"}],"wp:attachment":[{"href":"https:\/\/staging.giveplasma.ca\/fr\/wp-json\/wp\/v2\/media?parent=193"}],"curies":[{"name":"wp","href":"https:\/\/api.w.org\/{rel}","templated":true}]}}