{"id":162,"date":"2020-05-11T14:30:54","date_gmt":"2020-05-11T18:30:54","guid":{"rendered":"https:\/\/staging.giveplasma.ca\/reasons-to-donate\/"},"modified":"2024-02-28T16:34:07","modified_gmt":"2024-02-28T21:34:07","slug":"pourquoi-faire-un-don","status":"publish","type":"page","link":"https:\/\/staging.giveplasma.ca\/fr\/au-sujet-du-plasma\/pourquoi-faire-un-don\/","title":{"rendered":"Pourquoi faire un don"},"content":{"rendered":"\n<p class=\"has-large-font-size\">La raison principale pour laquelle faire un <strong>don<\/strong>?&nbsp;Le plasma de donneurs en sant\u00e9 peut vraiment <strong>aider<\/strong>&nbsp;les autres.<\/p>\n\n\n\n<p>Le plasma de grande qualit\u00e9 et s\u00e9curitaire est transform\u00e9 pour en faire des th\u00e9rapies servant \u00e0 traiter tout un \u00e9ventail de maladies. Des dizaines de milliers de patients canadiens et des millions partout dans le monde peuvent en profiter, notamment les personnes qui souffrent des maladies suivantes&nbsp;:<\/p>\n\n\n\n<ul><li>Les d\u00e9ficiences immunitaires.<\/li><li>Les maladies auto-immunes.<\/li><li>Les troubles respiratoires.<\/li><li>L\u2019h\u00e9mophilie.<\/li><li>Les maladies du foie.<\/li><li>Les saignements pendant les chirurgies.<\/li><li>Les cas de br\u00fblures et de choc.<\/li><\/ul>\n\n\n\n<p class=\"has-large-font-size\">Certains patients ont besoin de traitements r\u00e9guliers puisqu\u2019ils souffrent de maladies g\u00e9n\u00e9tiques chroniques. Dans certains cas, il peut falloir environ <strong>1&nbsp;000<\/strong>&nbsp;dons par ann\u00e9e pour cr\u00e9er suffisamment de th\u00e9rapies pour un seul patient.<\/p>\n\n\n\n<p>Notre pays est, par habitant, l\u2019un des plus gros usagers au monde de th\u00e9rapies \u00e0 base d\u2019immunoglobulines \u2014 qui n\u2019est que l\u2019un des produits d\u00e9riv\u00e9s du plasma. Cependant nous ne contr\u00f4lons pas l\u2019approvisionnement de ce rem\u00e8de vital.<\/p>\n\n\n\n<p>\u00c0 l\u2019heure actuelle, le Canada d\u00e9pend des \u00c9tats-Unis pour les produits du plasma. Quatre-vingts pour cent&nbsp;des th\u00e9rapies \u00e0 base d\u2019immunoglobulines utilis\u00e9es au Canada sont \u00e9labor\u00e9es \u00e0 partir de plasma recueilli aupr\u00e8s de donneurs pay\u00e9s des \u00c9tats-Unis.<\/p>\n\n\n\n<p>Notre but chez Grifols, c\u2019est d\u2019aider le Canada \u00e0 devenir plus auto-suffisant dans l\u2019approvisionnement de produits d\u00e9riv\u00e9s du plasma.<\/p>\n\n\n\n<p>Vous pouvez aider! Vos dons de plasma peuvent sauver des vies et am\u00e9liorer l\u2019int\u00e9grit\u00e9 du syst\u00e8me de soins de sant\u00e9 canadien.<\/p>\n\n\n\n<p>Le don de plasma prend du temps, et nous savons \u00e0 quel point votre temps est pr\u00e9cieux.&nbsp;Dans l\u2019industrie du plasma, il est courant <a href=\"https:\/\/staging.giveplasma.ca\/become-a-donor\/compensation\/?lang=fr\">d\u2019indemniser<\/a> les donneurs pour leur temps. Sant\u00e9 Canada estime que le fait d\u2019avoir des donneurs pay\u00e9s est un aspect primordial pour atteindre l\u2019auto-suffisance du Canada dans l\u2019approvisionnement en produits sanguins.<\/p>\n","protected":false},"excerpt":{"rendered":"<p>La raison principale pour laquelle faire un don?&nbsp;Le plasma de donneurs en sant\u00e9 peut vraiment aider&nbsp;les autres. Le plasma de grande qualit\u00e9 et s\u00e9curitaire est transform\u00e9 pour en faire des th\u00e9rapies servant \u00e0 traiter tout un \u00e9ventail de maladies. Des dizaines de milliers de patients canadiens et des millions partout dans le monde peuvent en&hellip; <a class=\"text-nowrap\" href=\"https:\/\/staging.giveplasma.ca\/fr\/au-sujet-du-plasma\/pourquoi-faire-un-don\/\">Continue reading<span class=\"sr-only\"> Pourquoi faire un don<\/span><\/a><\/p>\n","protected":false},"author":1,"featured_media":0,"parent":167,"menu_order":18,"comment_status":"closed","ping_status":"closed","template":"","meta":{"_coblocks_attr":"","_coblocks_dimensions":"","_coblocks_responsive_height":"","_coblocks_accordion_ie_support":""},"acf":[],"yoast_head":"<!-- This site is optimized with the Yoast SEO plugin v19.4 - https:\/\/yoast.com\/wordpress\/plugins\/seo\/ -->\n<title>Pourquoi faire un don - Grifols<\/title>\n<meta name=\"robots\" content=\"index, follow, max-snippet:-1, max-image-preview:large, max-video-preview:-1\" \/>\n<link rel=\"canonical\" href=\"https:\/\/staging.giveplasma.ca\/fr\/au-sujet-du-plasma\/pourquoi-faire-un-don\/\" \/>\n<meta property=\"og:locale\" content=\"fr_FR\" \/>\n<meta property=\"og:type\" content=\"article\" \/>\n<meta property=\"og:title\" content=\"Pourquoi faire un don - Grifols\" \/>\n<meta property=\"og:description\" content=\"La raison principale pour laquelle faire un don?&nbsp;Le plasma de donneurs en sant\u00e9 peut vraiment aider&nbsp;les autres. Le plasma de grande qualit\u00e9 et s\u00e9curitaire est transform\u00e9 pour en faire des th\u00e9rapies servant \u00e0 traiter tout un \u00e9ventail de maladies. Des dizaines de milliers de patients canadiens et des millions partout dans le monde peuvent en&hellip; Continue reading Pourquoi faire un don\" \/>\n<meta property=\"og:url\" content=\"https:\/\/staging.giveplasma.ca\/fr\/au-sujet-du-plasma\/pourquoi-faire-un-don\/\" \/>\n<meta property=\"og:site_name\" content=\"Grifols\" \/>\n<meta property=\"article:publisher\" content=\"https:\/\/www.facebook.com\/giveplasma\" \/>\n<meta property=\"article:modified_time\" content=\"2024-02-28T21:34:07+00:00\" \/>\n<meta name=\"twitter:card\" content=\"summary_large_image\" \/>\n<meta name=\"twitter:site\" content=\"@giveplasma\" \/>\n<meta name=\"twitter:label1\" content=\"Dur\u00e9e de lecture estim\u00e9e\" \/>\n\t<meta name=\"twitter:data1\" content=\"2 minutes\" \/>\n<script type=\"application\/ld+json\" class=\"yoast-schema-graph\">{\"@context\":\"https:\/\/schema.org\",\"@graph\":[{\"@type\":\"Organization\",\"@id\":\"https:\/\/staging.giveplasma.ca\/#organization\",\"name\":\"Canadian Plasma Resources\",\"url\":\"https:\/\/staging.giveplasma.ca\/\",\"sameAs\":[\"https:\/\/www.instagram.com\/giveplasma\/\",\"https:\/\/www.youtube.com\/channel\/UC-AZ6t3Ap4xP6C7JocUsnBA\",\"https:\/\/en.wikipedia.org\/wiki\/Canadian_Plasma_Resources\",\"https:\/\/www.facebook.com\/giveplasma\",\"https:\/\/twitter.com\/giveplasma\"],\"logo\":{\"@type\":\"ImageObject\",\"inLanguage\":\"fr-FR\",\"@id\":\"https:\/\/staging.giveplasma.ca\/#\/schema\/logo\/image\/\",\"url\":\"https:\/\/staging.giveplasma.ca\/wp-content\/uploads\/2021\/01\/1.png\",\"contentUrl\":\"https:\/\/staging.giveplasma.ca\/wp-content\/uploads\/2021\/01\/1.png\",\"width\":427,\"height\":239,\"caption\":\"Canadian Plasma Resources\"},\"image\":{\"@id\":\"https:\/\/staging.giveplasma.ca\/#\/schema\/logo\/image\/\"}},{\"@type\":\"WebSite\",\"@id\":\"https:\/\/staging.giveplasma.ca\/#website\",\"url\":\"https:\/\/staging.giveplasma.ca\/\",\"name\":\"Canadian Plasma Resources\",\"description\":\"Give Plasma, Give Life\",\"publisher\":{\"@id\":\"https:\/\/staging.giveplasma.ca\/#organization\"},\"potentialAction\":[{\"@type\":\"SearchAction\",\"target\":{\"@type\":\"EntryPoint\",\"urlTemplate\":\"https:\/\/staging.giveplasma.ca\/?s={search_term_string}\"},\"query-input\":\"required name=search_term_string\"}],\"inLanguage\":\"fr-FR\"},{\"@type\":\"WebPage\",\"@id\":\"https:\/\/staging.giveplasma.ca\/fr\/au-sujet-du-plasma\/pourquoi-faire-un-don\/\",\"url\":\"https:\/\/staging.giveplasma.ca\/fr\/au-sujet-du-plasma\/pourquoi-faire-un-don\/\",\"name\":\"Pourquoi faire un don - Grifols\",\"isPartOf\":{\"@id\":\"https:\/\/staging.giveplasma.ca\/#website\"},\"datePublished\":\"2020-05-11T18:30:54+00:00\",\"dateModified\":\"2024-02-28T21:34:07+00:00\",\"breadcrumb\":{\"@id\":\"https:\/\/staging.giveplasma.ca\/fr\/au-sujet-du-plasma\/pourquoi-faire-un-don\/#breadcrumb\"},\"inLanguage\":\"fr-FR\",\"potentialAction\":[{\"@type\":\"ReadAction\",\"target\":[\"https:\/\/staging.giveplasma.ca\/fr\/au-sujet-du-plasma\/pourquoi-faire-un-don\/\"]}]},{\"@type\":\"BreadcrumbList\",\"@id\":\"https:\/\/staging.giveplasma.ca\/fr\/au-sujet-du-plasma\/pourquoi-faire-un-don\/#breadcrumb\",\"itemListElement\":[{\"@type\":\"ListItem\",\"position\":1,\"name\":\"Home\",\"item\":\"https:\/\/staging.giveplasma.ca\/fr\/home\/\"},{\"@type\":\"ListItem\",\"position\":2,\"name\":\"Au sujet du plasma\",\"item\":\"https:\/\/staging.giveplasma.ca\/fr\/au-sujet-du-plasma\/\"},{\"@type\":\"ListItem\",\"position\":3,\"name\":\"Pourquoi faire un don\"}]}]}<\/script>\n<!-- \/ Yoast SEO plugin. -->","yoast_head_json":{"title":"Pourquoi faire un don - Grifols","robots":{"index":"index","follow":"follow","max-snippet":"max-snippet:-1","max-image-preview":"max-image-preview:large","max-video-preview":"max-video-preview:-1"},"canonical":"https:\/\/staging.giveplasma.ca\/fr\/au-sujet-du-plasma\/pourquoi-faire-un-don\/","og_locale":"fr_FR","og_type":"article","og_title":"Pourquoi faire un don - Grifols","og_description":"La raison principale pour laquelle faire un don?&nbsp;Le plasma de donneurs en sant\u00e9 peut vraiment aider&nbsp;les autres. Le plasma de grande qualit\u00e9 et s\u00e9curitaire est transform\u00e9 pour en faire des th\u00e9rapies servant \u00e0 traiter tout un \u00e9ventail de maladies. Des dizaines de milliers de patients canadiens et des millions partout dans le monde peuvent en&hellip; Continue reading Pourquoi faire un don","og_url":"https:\/\/staging.giveplasma.ca\/fr\/au-sujet-du-plasma\/pourquoi-faire-un-don\/","og_site_name":"Grifols","article_publisher":"https:\/\/www.facebook.com\/giveplasma","article_modified_time":"2024-02-28T21:34:07+00:00","twitter_card":"summary_large_image","twitter_site":"@giveplasma","twitter_misc":{"Dur\u00e9e de lecture estim\u00e9e":"2 minutes"},"schema":{"@context":"https:\/\/schema.org","@graph":[{"@type":"Organization","@id":"https:\/\/staging.giveplasma.ca\/#organization","name":"Canadian Plasma Resources","url":"https:\/\/staging.giveplasma.ca\/","sameAs":["https:\/\/www.instagram.com\/giveplasma\/","https:\/\/www.youtube.com\/channel\/UC-AZ6t3Ap4xP6C7JocUsnBA","https:\/\/en.wikipedia.org\/wiki\/Canadian_Plasma_Resources","https:\/\/www.facebook.com\/giveplasma","https:\/\/twitter.com\/giveplasma"],"logo":{"@type":"ImageObject","inLanguage":"fr-FR","@id":"https:\/\/staging.giveplasma.ca\/#\/schema\/logo\/image\/","url":"https:\/\/staging.giveplasma.ca\/wp-content\/uploads\/2021\/01\/1.png","contentUrl":"https:\/\/staging.giveplasma.ca\/wp-content\/uploads\/2021\/01\/1.png","width":427,"height":239,"caption":"Canadian Plasma Resources"},"image":{"@id":"https:\/\/staging.giveplasma.ca\/#\/schema\/logo\/image\/"}},{"@type":"WebSite","@id":"https:\/\/staging.giveplasma.ca\/#website","url":"https:\/\/staging.giveplasma.ca\/","name":"Canadian Plasma Resources","description":"Give Plasma, Give Life","publisher":{"@id":"https:\/\/staging.giveplasma.ca\/#organization"},"potentialAction":[{"@type":"SearchAction","target":{"@type":"EntryPoint","urlTemplate":"https:\/\/staging.giveplasma.ca\/?s={search_term_string}"},"query-input":"required name=search_term_string"}],"inLanguage":"fr-FR"},{"@type":"WebPage","@id":"https:\/\/staging.giveplasma.ca\/fr\/au-sujet-du-plasma\/pourquoi-faire-un-don\/","url":"https:\/\/staging.giveplasma.ca\/fr\/au-sujet-du-plasma\/pourquoi-faire-un-don\/","name":"Pourquoi faire un don - Grifols","isPartOf":{"@id":"https:\/\/staging.giveplasma.ca\/#website"},"datePublished":"2020-05-11T18:30:54+00:00","dateModified":"2024-02-28T21:34:07+00:00","breadcrumb":{"@id":"https:\/\/staging.giveplasma.ca\/fr\/au-sujet-du-plasma\/pourquoi-faire-un-don\/#breadcrumb"},"inLanguage":"fr-FR","potentialAction":[{"@type":"ReadAction","target":["https:\/\/staging.giveplasma.ca\/fr\/au-sujet-du-plasma\/pourquoi-faire-un-don\/"]}]},{"@type":"BreadcrumbList","@id":"https:\/\/staging.giveplasma.ca\/fr\/au-sujet-du-plasma\/pourquoi-faire-un-don\/#breadcrumb","itemListElement":[{"@type":"ListItem","position":1,"name":"Home","item":"https:\/\/staging.giveplasma.ca\/fr\/home\/"},{"@type":"ListItem","position":2,"name":"Au sujet du plasma","item":"https:\/\/staging.giveplasma.ca\/fr\/au-sujet-du-plasma\/"},{"@type":"ListItem","position":3,"name":"Pourquoi faire un don"}]}]}},"_links":{"self":[{"href":"https:\/\/staging.giveplasma.ca\/fr\/wp-json\/wp\/v2\/pages\/162"}],"collection":[{"href":"https:\/\/staging.giveplasma.ca\/fr\/wp-json\/wp\/v2\/pages"}],"about":[{"href":"https:\/\/staging.giveplasma.ca\/fr\/wp-json\/wp\/v2\/types\/page"}],"author":[{"embeddable":true,"href":"https:\/\/staging.giveplasma.ca\/fr\/wp-json\/wp\/v2\/users\/1"}],"replies":[{"embeddable":true,"href":"https:\/\/staging.giveplasma.ca\/fr\/wp-json\/wp\/v2\/comments?post=162"}],"version-history":[{"count":4,"href":"https:\/\/staging.giveplasma.ca\/fr\/wp-json\/wp\/v2\/pages\/162\/revisions"}],"predecessor-version":[{"id":3641,"href":"https:\/\/staging.giveplasma.ca\/fr\/wp-json\/wp\/v2\/pages\/162\/revisions\/3641"}],"up":[{"embeddable":true,"href":"https:\/\/staging.giveplasma.ca\/fr\/wp-json\/wp\/v2\/pages\/167"}],"wp:attachment":[{"href":"https:\/\/staging.giveplasma.ca\/fr\/wp-json\/wp\/v2\/media?parent=162"}],"curies":[{"name":"wp","href":"https:\/\/api.w.org\/{rel}","templated":true}]}}